{"id":3,"date":"2022-12-27T20:04:44","date_gmt":"2022-12-27T20:04:44","guid":{"rendered":"https:\/\/visiki.se\/?page_id=3"},"modified":"2022-12-30T21:06:55","modified_gmt":"2022-12-30T20:06:55","slug":"privacy-policy","status":"publish","type":"page","link":"https:\/\/www.visiki.se\/en\/privacy-policy\/","title":{"rendered":"Integritetspolicy"},"content":{"rendered":"<h2 class=\"wp-block-heading\"><\/h2>\n\n\n\n<p><\/p>\n\n\n\n<p>Visiki till\u00e4mpar Dataskyddsf\u00f6rordningen GDPR d\u00e4rf\u00f6r st\u00e4ller vi h\u00f6ga krav p\u00e5 v\u00e5ra leverant\u00f6rer n\u00e4r dina personuppgifter blir anv\u00e4nda . Vi s\u00e4krar d\u00e4rf\u00f6r alltid att v\u00e5ra partners (tex Klarna, PostNord, mfl) garanterar att dina personuppgifter \u00e4r skyddade\u00a0.<br><br><strong>Hur anv\u00e4nder vi din personliga information?<\/strong><br>Vi anv\u00e4nder best\u00e4llningsinformationen som vi samlar in f\u00f6r att uppfylla alla best\u00e4llningar som placerats via webbplatsen (inklusive bearbetning av din betalningsinformation, information f\u00f6r fraktsedlar\u00a0skicka\u00a0fakturor och \/ eller orderbekr\u00e4ftelse). Dessutom anv\u00e4nder vi denna orderinformation f\u00f6r att:<br>&#8211; Kommunicera med dig;<br>&#8211; Se best\u00e4llningar och g\u00f6ra riskbed\u00f6mningar\u00a0<br><br><br>Vi anv\u00e4nder enhetsinformationen som vi samlar in f\u00f6r att hj\u00e4lpa oss med att screena f\u00f6r potentiella risker och f\u00f6r att f\u00f6rb\u00e4ttra och optimera v\u00e5r webbplats.<br><br>Slutligen kan vi ocks\u00e5 dela din personliga information f\u00f6r att f\u00f6lja g\u00e4llande lagar och f\u00f6rordningar, f\u00f6r att svara p\u00e5 en st\u00e4mning, s\u00f6kord eller annan laglig beg\u00e4ran om information som vi f\u00e5r eller p\u00e5 annat s\u00e4tt skydda v\u00e5ra r\u00e4ttigheter.<\/p>\n\n\n\n<p><strong>Sp\u00e5ra inte<\/strong><br>Observera att vi inte f\u00f6r\u00e4ndrar v\u00e5r webbplats datainsamling och anv\u00e4ndningspraxis n\u00e4r vi ser en sp\u00e5rningssignal fr\u00e5n din webbl\u00e4sare.<br><br>Dessutom, om du \u00e4r bosatt i Europa, noterar vi att vi behandlar din information f\u00f6r att uppfylla avtal som vi kan ha med dig (till exempel om du g\u00f6r en best\u00e4llning via webbplatsen), eller p\u00e5 annat s\u00e4tt ber\u00f6r v\u00e5ra legitima aff\u00e4rsintressen som anges ovan.<br><br><strong>Datalagring<\/strong><br>N\u00e4r du g\u00f6r en best\u00e4llning via sajten kommer vi att beh\u00e5lla din orderinformation\u00a0 tills du ber oss ta bort denna information.<br><br><strong>\u00c4ndringar<\/strong><br>Vi kan uppdatera denna sekretesspolicy d\u00e5 och d\u00e5 f\u00f6r att \u00e5terspegla till exempel f\u00f6r\u00e4ndringar i v\u00e5r policy eller av andra operativa, juridiska eller reglerande sk\u00e4l.<br><br><strong>Kontakta oss<\/strong><br>F\u00f6r mer information om v\u00e5r integritetspolicy, om du har fr\u00e5gor eller om du vill l\u00e4mna ett klagom\u00e5l, v\u00e4nligen kontakta oss via e-post: kontakt@visiki.se<\/p>\n\n\n\n<p><\/p>","protected":false},"excerpt":{"rendered":"<p>Visiki till\u00e4mpar Dataskyddsf\u00f6rordningen GDPR d\u00e4rf\u00f6r st\u00e4ller vi h\u00f6ga krav p\u00e5 v\u00e5ra leverant\u00f6rer n\u00e4r dina personuppgifter blir anv\u00e4nda . Vi s\u00e4krar d\u00e4rf\u00f6r alltid att v\u00e5ra partners (tex Klarna, PostNord, mfl) garanterar att dina personuppgifter \u00e4r skyddade\u00a0. Hur anv\u00e4nder vi din personliga information?Vi anv\u00e4nder best\u00e4llningsinformationen som vi samlar in f\u00f6r att uppfylla alla best\u00e4llningar som placerats via [&hellip;]<\/p>\n","protected":false},"author":1,"featured_media":0,"parent":0,"menu_order":0,"comment_status":"closed","ping_status":"open","template":"","meta":{"footnotes":""},"class_list":["post-3","page","type-page","status-publish","hentry"],"jetpack-related-posts":[],"jetpack_sharing_enabled":true,"_links":{"self":[{"href":"https:\/\/www.visiki.se\/en\/wp-json\/wp\/v2\/pages\/3","targetHints":{"allow":["GET"]}}],"collection":[{"href":"https:\/\/www.visiki.se\/en\/wp-json\/wp\/v2\/pages"}],"about":[{"href":"https:\/\/www.visiki.se\/en\/wp-json\/wp\/v2\/types\/page"}],"author":[{"embeddable":true,"href":"https:\/\/www.visiki.se\/en\/wp-json\/wp\/v2\/users\/1"}],"replies":[{"embeddable":true,"href":"https:\/\/www.visiki.se\/en\/wp-json\/wp\/v2\/comments?post=3"}],"version-history":[{"count":2,"href":"https:\/\/www.visiki.se\/en\/wp-json\/wp\/v2\/pages\/3\/revisions"}],"predecessor-version":[{"id":64,"href":"https:\/\/www.visiki.se\/en\/wp-json\/wp\/v2\/pages\/3\/revisions\/64"}],"wp:attachment":[{"href":"https:\/\/www.visiki.se\/en\/wp-json\/wp\/v2\/media?parent=3"}],"curies":[{"name":"wp","href":"https:\/\/api.w.org\/{rel}","templated":true}]}}